{"id":13635,"date":"2023-10-30T11:11:38","date_gmt":"2023-10-30T08:11:38","guid":{"rendered":"https:\/\/famax.org\/our-doctors\/"},"modified":"2024-09-24T12:49:01","modified_gmt":"2024-09-24T09:49:01","slug":"our-partner-institutions","status":"publish","type":"page","link":"https:\/\/famax.org\/en\/our-partner-institutions\/","title":{"rendered":"Our Partner Institutions"},"content":{"rendered":"<p>[vc_row el_class=&#8221;st-become-feature-wrapper text-center&#8221;][vc_column][vc_column_text]<\/p>\n<h2 style=\"text-align: center;\">Our Partner Institutions<\/h2>\n<p>[\/vc_column_text][vc_column_text]<\/p>\n<h2 style=\"text-align: center;\"><strong><span style=\"font-size: 12pt;\">Our General Surgery, Gastrointestinal Oncology, Obesity and Metabolic Surgery Specialists<\/span><\/strong><\/h2>\n<p>[\/vc_column_text][vc_empty_space height=&#8221;15px&#8221;][\/vc_column][\/vc_row][vc_row][vc_column width=&#8221;1\/4&#8243;][vc_single_image image=&#8221;13599&#8243; img_size=&#8221;full&#8221; alignment=&#8221;center&#8221;][\/vc_column][vc_column width=&#8221;1\/4&#8243;][vc_column_text]<\/p>\n<h3>Prof. Dr. Mehmet CAGLIKULEKCI<\/h3>\n<p>[\/vc_column_text][vc_column_text]<span style=\"font-size: 10pt;\"><strong>General surgeon-oncologist, gastrointestinal oncology surgery<\/strong><\/span><\/p>\n<p><strong>-Work experience as a doctor \u2013 35 years<\/strong><br \/>\nSince 2014 &#8211; Head of the Emergency Surgery Department of the Department of General Surgery at Yeditepe University. Dr. Mehmet \u00c7a\u011fl\u0131kulekci specializes in gastrointestinal surgery. Accepts patients in its private center in Besiktas.<\/p>\n<p>MEDICAL DIRECTIONS:<br \/>\n\u2714\ufe0fOncology of the gastrointestinal tract<br \/>\n\u2714\ufe0fhernias, hypoechoic solid formations<br \/>\n\u2714\ufe0fbiliary tract surgery<br \/>\n\u2714\ufe0fproctology<br \/>\n\u2714\ufe0fendoscopic surgery[\/vc_column_text][\/vc_column][vc_column width=&#8221;1\/4&#8243;][vc_single_image image=&#8221;13606&#8243; img_size=&#8221;full&#8221; alignment=&#8221;center&#8221;][\/vc_column][vc_column width=&#8221;1\/4&#8243;][vc_column_text]<\/p>\n<h3>Prof.Dr.Samet YARDIMCI<\/h3>\n<p>[\/vc_column_text][vc_column_text]<span style=\"font-size: 10pt;\"><strong>Obesity and metabolic surgery<\/strong><\/span><\/p>\n<p><strong>-Work experience as a doctor \u2013 20 years<\/strong><br \/>\nGraduate of Ankara University Faculty of Medicine.<br \/>\nIn 2008-2009, he specialized in cancer surgery and organ transplantation at the Oncology Center named after. M.D. Anderson and Memorial Herrmann Hospitals in Houston, USA.<br \/>\nHis work received the 2012 Best Young Investigator Award from the International Congress of Transplantation.<br \/>\nShe has been working at Medical Park Pendik Hospital since March 2018.<\/p>\n<p>MEDICAL DIRECTIONS:<br \/>\n\u2714\ufe0fObesity and metabolic surgery<br \/>\n\u2714\ufe0fReflux surgery<br \/>\n\u2714\ufe0fSurgery for inflammatory bowel diseases<br \/>\n\u2714\ufe0fOncological surgery<br \/>\n\u2714\ufe0fGastroenterological surgery[\/vc_column_text][\/vc_column][\/vc_row][vc_row el_class=&#8221;st-become-feature-wrapper text-center&#8221;][vc_column][vc_column_text]<\/p>\n<h2 style=\"text-align: center;\"><strong><span style=\"font-size: 12pt;\">Our Obstetricians, Gynecologists and Onco Gynecologists Surgery Specialists<\/span><\/strong><\/h2>\n<p>[\/vc_column_text][vc_empty_space height=&#8221;15px&#8221;][\/vc_column][\/vc_row][vc_row][vc_column width=&#8221;1\/4&#8243;][\/vc_column][vc_column width=&#8221;1\/4&#8243;][vc_single_image image=&#8221;13610&#8243; img_size=&#8221;full&#8221; alignment=&#8221;center&#8221;][\/vc_column][vc_column width=&#8221;1\/4&#8243;][vc_column_text]<\/p>\n<h3>Prof.Dr.G\u00f6khan DEMIRAYAK<\/h3>\n<p>[\/vc_column_text][vc_column_text]<strong><span style=\"font-size: 10pt;\">Gynecologist and gynecological oncologist<\/span><\/strong><\/p>\n<p><strong>&#8211; Work experience as a doctor \u2013 17 years<\/strong><br \/>\nGynecologist and gynecological oncologist Prof. Doctor. G\u00f6khan Demirayak, with 17 years of experience, continues to bring healing to his patients every day. Since 2012, Associate Professor at the Department of Gynecology at Istanbul University.<\/p>\n<p>MEDICAL DIRECTIONS:<br \/>\n\u2714\ufe0fUrogynecology<br \/>\n\u2714\ufe0fHysterectomy<br \/>\n\u2714\ufe0fGynecological oncology<br \/>\n\u2714\ufe0fGenital aesthetics<br \/>\n\u2714\ufe0fLaparoscopic surgeries[\/vc_column_text][\/vc_column][vc_column width=&#8221;1\/4&#8243;][\/vc_column][\/vc_row][vc_row el_class=&#8221;st-become-feature-wrapper text-center&#8221;][vc_column][vc_column_text]<\/p>\n<h2 style=\"text-align: center;\"><strong><span style=\"font-size: 12pt;\">Our Adult Orthopedist, Pediatric Orthopedist and Traumatologist Specialists<\/span><\/strong><\/h2>\n<p>[\/vc_column_text][vc_empty_space height=&#8221;15px&#8221;][\/vc_column][\/vc_row][vc_row][vc_column width=&#8221;1\/4&#8243;][vc_single_image image=&#8221;13615&#8243; img_size=&#8221;full&#8221; alignment=&#8221;center&#8221;][\/vc_column][vc_column width=&#8221;1\/4&#8243;][vc_column_text]<\/p>\n<h3>Prof.Dr.G\u00f6khan KAYNAK<\/h3>\n<p>[\/vc_column_text][vc_column_text]<strong><span style=\"font-size: 10pt;\">Orthopedist and traumatologist<\/span><\/strong><\/p>\n<p><strong>-Work experience as a doctor \u2013 21 years<\/strong><br \/>\nCerrahpasa Faculty of Medicine, Istanbul University \/ Orthopedics and Traumatology.<\/p>\n<p>MEDICAL DIRECTIONS:<br \/>\n\u2714\ufe0f Joint damage<br \/>\n\u2714\ufe0f Albers-Sch\u00f6nberg disease<br \/>\n\u2714\ufe0f Post-traumatic deformities<br \/>\n\u2714\ufe0f Prosthetics<br \/>\n\u2714\ufe0f Tumors[\/vc_column_text][\/vc_column][vc_column width=&#8221;1\/4&#8243;][vc_single_image image=&#8221;13618&#8243; img_size=&#8221;full&#8221; alignment=&#8221;center&#8221;][\/vc_column][vc_column width=&#8221;1\/4&#8243;][vc_column_text]<\/p>\n<h3>Prof.Dr.Muharrem INAN<\/h3>\n<p>[\/vc_column_text][vc_column_text]<span style=\"font-size: 10pt;\"><strong>Pediatric orthopedist and traumatologist<br \/>\n<\/strong><\/span><\/p>\n<p><strong>-Working experience as a doctor \u2013 30 years<\/strong><br \/>\nOsmangazi Eskisehir Faculty of Medicine \/ Orthopedics and Traumatology<\/p>\n<p>MEDICAL DIRECTIONS:<br \/>\n\u2714\ufe0f Metabolic bone diseases<br \/>\n\u2714\ufe0f Laparoscopic arthrodesis of the leg and foot<br \/>\n\u2714\ufe0f Pediatric orthopedics<br \/>\n\u2714\ufe0f Infections of the musculoskeletal system<br \/>\n\u2714\ufe0f Gait analysis<br \/>\n\u2714\ufe0f Fractures[\/vc_column_text][\/vc_column][\/vc_row][vc_row el_class=&#8221;st-become-feature-wrapper text-center&#8221;][vc_column][vc_column_text]<\/p>\n<h2 style=\"text-align: center;\"><strong><span style=\"font-size: 12pt;\">Our Urology, Urologist-oncologist Specialists<\/span><\/strong><\/h2>\n<p>[\/vc_column_text][vc_empty_space height=&#8221;15px&#8221;][\/vc_column][\/vc_row][vc_row][vc_column width=&#8221;1\/4&#8243;][\/vc_column][vc_column width=&#8221;1\/4&#8243;][vc_single_image image=&#8221;13623&#8243; img_size=&#8221;full&#8221; alignment=&#8221;center&#8221;][\/vc_column][vc_column width=&#8221;1\/4&#8243;][vc_column_text]<\/p>\n<h3>Prof.Dr.\u00c7etin DEMIRDAG<\/h3>\n<p>[\/vc_column_text][vc_column_text]<span style=\"font-size: 10pt;\"><strong>Urology, urologist-oncologist<\/strong><\/span><\/p>\n<p><strong>Work experience as a doctor \u2013 19 years<\/strong><\/p>\n<p>MEDICAL DIRECTIONS:<br \/>\n\u2714\ufe0f Prostate cancer<br \/>\n\u2714\ufe0f Stones in the kidneys and ureters<br \/>\n\u2714\ufe0f Kidney diseases<br \/>\n\u2714\ufe0f Adrenal tumor (pheochromocytoma)<br \/>\n\u2714\ufe0f Urinary incontinence in children<br \/>\n\u2714\ufe0f Kidney cancer<br \/>\n\u2714\ufe0f Implantation of penile prostheses<br \/>\n\u2714\ufe0f Peyronie&#8217;s disease surgery<br \/>\n\u2714\ufe0f Bladder prolapse[\/vc_column_text][\/vc_column][vc_column width=&#8221;1\/4&#8243;][\/vc_column][\/vc_row][vc_row el_class=&#8221;st-become-feature-wrapper text-center&#8221;][vc_column][vc_column_text]<\/p>\n<h2 style=\"text-align: center;\"><strong><span style=\"font-size: 12pt;\">Our Medical Oncology Specialists<\/span><\/strong><\/h2>\n<p>[\/vc_column_text][vc_empty_space height=&#8221;15px&#8221;][\/vc_column][\/vc_row][vc_row][vc_column width=&#8221;1\/4&#8243;][\/vc_column][vc_column width=&#8221;1\/4&#8243;][vc_single_image image=&#8221;13748&#8243; img_size=&#8221;full&#8221; alignment=&#8221;center&#8221;][\/vc_column][vc_column width=&#8221;1\/4&#8243;][vc_column_text]<\/p>\n<h3>Professor.Dr. Atakan DEMIR<\/h3>\n<p>[\/vc_column_text][vc_column_text]<span style=\"font-size: 10pt;\"><strong>Medical oncology specialist-chemotherapist<br \/>\n<\/strong><\/span><\/p>\n<p>After graduating from Istanbul Cerrahpasa University Faculty of Medicine (1997-2003), he successfully completed his specialization in general surgery, internal medicine and medical oncology. He received his degree in medical breast oncology from the Cancer Center. M. D. Anderson at the University of Texas.<\/p>\n<p>MEDICAL ADVICE:<br \/>\n\u2714\ufe0fLung cancer<br \/>\n\u2714\ufe0fColon cancer<br \/>\n\u2714\ufe0fProstate cancer<br \/>\n\u2714\ufe0fBreast cancer<br \/>\n\u2714\ufe0fPancreatic cancer[\/vc_column_text][\/vc_column][vc_column width=&#8221;1\/4&#8243;][\/vc_column][\/vc_row][vc_row el_class=&#8221;st-become-feature-wrapper text-center&#8221;][vc_column][vc_column_text]<\/p>\n<h2 style=\"text-align: center;\"><strong><span style=\"font-size: 12pt;\">Our Brain Surgery Specialists<\/span><\/strong><\/h2>\n<p>[\/vc_column_text][vc_empty_space height=&#8221;15px&#8221;][\/vc_column][\/vc_row][vc_row][vc_column width=&#8221;1\/4&#8243;][\/vc_column][vc_column width=&#8221;1\/4&#8243;][vc_single_image image=&#8221;13751&#8243; img_size=&#8221;full&#8221; alignment=&#8221;center&#8221;][\/vc_column][vc_column width=&#8221;1\/4&#8243;][vc_column_text]<\/p>\n<h3>Prof. Dr. Kamran AGAYEV<\/h3>\n<p>[\/vc_column_text][vc_column_text]<span style=\"font-size: 10pt;\"><strong>Neurosurgeon<br \/>\n<\/strong><\/span><\/p>\n<p><strong>Experience as a doctor: 20 years<\/strong><br \/>\nHe is an internationally recognized neurosurgeon. He practices in Istanbul, Turkey and specializes in the treatment of diseases of the brain, spine, spinal cord and peripheral nerves. In 2001, he graduated with honors from the Azerbaijan Medical University, completed an internship in neurosurgery at Hacettepe Medical College (Ankara\/Turkey) and a clinical residency in spinal oncology at the Lee Moffitt Cancer Center of the University of South Florida (Tampa, Florida, USA).<\/p>\n<p>MEDICAL DIRECTIONS:<br \/>\n\u2714\ufe0fThoracic outlet syndrome<br \/>\n\u2714\ufe0fBrain tumors<br \/>\n\u2714\ufe0fHerniated intervertebral discs<br \/>\n\u2714\ufe0fLumbar and cervical hernias<br \/>\n\u2714\ufe0fSpine tumors<br \/>\n\u2714\ufe0f Prosthetics[\/vc_column_text][\/vc_column][vc_column width=&#8221;1\/4&#8243;][\/vc_column][\/vc_row][vc_row el_class=&#8221;st-become-feature-wrapper text-center&#8221;][vc_column][vc_column_text]<\/p>\n<h2 style=\"text-align: center;\"><strong><span style=\"font-size: 12pt;\">Our Ear, Nose, Throat (ENT) Specialists<\/span><\/strong><\/h2>\n<p>[\/vc_column_text][vc_empty_space height=&#8221;15px&#8221;][\/vc_column][\/vc_row][vc_row][vc_column width=&#8221;1\/4&#8243;][\/vc_column][vc_column width=&#8221;1\/4&#8243;][vc_single_image image=&#8221;13754&#8243; img_size=&#8221;full&#8221; alignment=&#8221;center&#8221;][\/vc_column][vc_column width=&#8221;1\/4&#8243;][vc_column_text]<\/p>\n<h3>Prof. Dr. Levent COBAN<\/h3>\n<p>[\/vc_column_text][vc_column_text]<span style=\"font-size: 10pt;\"><strong>Our Ear, Nose, Throat (ENT) doctor<br \/>\n<\/strong><\/span><\/p>\n<p><strong>Work experience as a doctor: 19 years<\/strong><br \/>\nGraduated from Istanbul Faculty of Medicine in 1997. In 2004, he became an ear, nose and throat specialist. Since then, he has been taking part in courses, seminars and meetings for advanced training in Turkey and abroad.<\/p>\n<p>MEDICAL DIRECTIONS:<br \/>\n\u2714\ufe0fNasal congestion<br \/>\n\u2714\ufe0fHeadaches<br \/>\n\u2714\ufe0fRhinoplasty<br \/>\n\u2714\ufe0fPillar implantation<br \/>\n\u2714\ufe0fTreatment of sleep apnea<br \/>\n\u2714\ufe0fProtruding ears and protruding ears<br \/>\n\u2714\ufe0fTonsil diseases<br \/>\n\u2714\ufe0fOtosclerosis (calcification of the inner ear)[\/vc_column_text][\/vc_column][vc_column width=&#8221;1\/4&#8243;][\/vc_column][\/vc_row][vc_row][vc_column][vc_empty_space height=&#8221;50px&#8221;][\/vc_column][\/vc_row]<\/p>\n","protected":false},"excerpt":{"rendered":"<p>[vc_row el_class=&#8221;st-become-feature-wrapper text-center&#8221;][vc_column][vc_column_text] Our Partner Institutions [\/vc_column_text][vc_column_text] Our General Surgery, Gastrointestinal Oncology, Obesity and Metabolic Surgery Specialists [\/vc_column_text][vc_empty_space height=&#8221;15px&#8221;][\/vc_column][\/vc_row][vc_row][vc_column width=&#8221;1\/4&#8243;][vc_single_image image=&#8221;13599&#8243; img_size=&#8221;full&#8221; alignment=&#8221;center&#8221;][\/vc_column][vc_column width=&#8221;1\/4&#8243;][vc_column_text] Prof. Dr. Mehmet CAGLIKULEKCI [\/vc_column_text][vc_column_text]General surgeon-oncologist, gastrointestinal oncology surgery -Work experience as a doctor \u2013 35 years Since 2014 &#8211; Head of the Emergency Surgery Department of the Department of General [&hellip;]<\/p>\n","protected":false},"author":3,"featured_media":0,"parent":0,"menu_order":0,"comment_status":"closed","ping_status":"closed","template":"template-home-modern.php","meta":[],"_links":{"self":[{"href":"https:\/\/famax.org\/en\/wp-json\/wp\/v2\/pages\/13635"}],"collection":[{"href":"https:\/\/famax.org\/en\/wp-json\/wp\/v2\/pages"}],"about":[{"href":"https:\/\/famax.org\/en\/wp-json\/wp\/v2\/types\/page"}],"author":[{"embeddable":true,"href":"https:\/\/famax.org\/en\/wp-json\/wp\/v2\/users\/3"}],"replies":[{"embeddable":true,"href":"https:\/\/famax.org\/en\/wp-json\/wp\/v2\/comments?post=13635"}],"version-history":[{"count":4,"href":"https:\/\/famax.org\/en\/wp-json\/wp\/v2\/pages\/13635\/revisions"}],"predecessor-version":[{"id":14221,"href":"https:\/\/famax.org\/en\/wp-json\/wp\/v2\/pages\/13635\/revisions\/14221"}],"wp:attachment":[{"href":"https:\/\/famax.org\/en\/wp-json\/wp\/v2\/media?parent=13635"}],"curies":[{"name":"wp","href":"https:\/\/api.w.org\/{rel}","templated":true}]}}